{"id":1784,"date":"2021-12-16T11:35:44","date_gmt":"2021-12-16T11:35:44","guid":{"rendered":"http:\/\/ascensoresomega.com\/?page_id=1784"},"modified":"2026-02-25T15:17:28","modified_gmt":"2026-02-25T15:17:28","slug":"historia","status":"publish","type":"page","link":"https:\/\/ascensoresomega.com\/es\/historia\/","title":{"rendered":"Historia"},"content":{"rendered":"\t\t<div data-elementor-type=\"wp-page\" data-elementor-id=\"1784\" class=\"elementor elementor-1784\" data-elementor-post-type=\"page\">\n\t\t\t\t\t\t<section class=\"elementor-section elementor-top-section elementor-element elementor-element-19877a23 elementor-section-height-min-height elementor-section-boxed elementor-section-height-default elementor-section-items-middle\" data-id=\"19877a23\" data-element_type=\"section\" data-e-type=\"section\" id=\"cabecera\" data-settings=\"{&quot;background_background&quot;:&quot;classic&quot;}\">\n\t\t\t\t\t\t<div class=\"elementor-container elementor-column-gap-default\">\n\t\t\t\t\t<div class=\"elementor-column elementor-col-100 elementor-top-column elementor-element elementor-element-36d2b6d7\" data-id=\"36d2b6d7\" data-element_type=\"column\" data-e-type=\"column\">\n\t\t\t<div class=\"elementor-widget-wrap elementor-element-populated\">\n\t\t\t\t\t\t<div class=\"elementor-element elementor-element-c2dad59 elementor-widget elementor-widget-text-editor\" data-id=\"c2dad59\" data-element_type=\"widget\" data-e-type=\"widget\" data-widget_type=\"text-editor.default\">\n\t\t\t\t<div class=\"elementor-widget-container\">\n\t\t\t\t\t\t\t\t\t<span>ASCENSORES OMEGA<\/span>\n<h1>HISTORIA<\/h1>\t\t\t\t\t\t\t\t<\/div>\n\t\t\t\t<\/div>\n\t\t\t\t\t<\/div>\n\t\t<\/div>\n\t\t\t\t\t<\/div>\n\t\t<\/section>\n\t\t\t\t<section class=\"elementor-section elementor-top-section elementor-element elementor-element-9e9e81a elementor-section-boxed elementor-section-height-default elementor-section-height-default\" data-id=\"9e9e81a\" data-element_type=\"section\" data-e-type=\"section\" id=\"historia0\">\n\t\t\t\t\t\t\t<div class=\"elementor-background-overlay\"><\/div>\n\t\t\t\t\t\t\t<div class=\"elementor-container elementor-column-gap-default\">\n\t\t\t\t\t<div class=\"elementor-column elementor-col-100 elementor-top-column elementor-element elementor-element-993fa58\" data-id=\"993fa58\" data-element_type=\"column\" data-e-type=\"column\">\n\t\t\t<div class=\"elementor-widget-wrap elementor-element-populated\">\n\t\t\t\t\t\t<div class=\"elementor-element elementor-element-937b2c1 elementor-widget elementor-widget-text-editor\" data-id=\"937b2c1\" data-element_type=\"widget\" data-e-type=\"widget\" data-widget_type=\"text-editor.default\">\n\t\t\t\t<div class=\"elementor-widget-container\">\n\t\t\t\t\t\t\t\t\t<h2>TIMELINE<br \/><span>DE ASCENSORES OMEGA<\/span><\/h2>\t\t\t\t\t\t\t\t<\/div>\n\t\t\t\t<\/div>\n\t\t\t\t<div class=\"elementor-element elementor-element-3c54f1e elementor-widget elementor-widget-spacer\" data-id=\"3c54f1e\" data-element_type=\"widget\" data-e-type=\"widget\" data-widget_type=\"spacer.default\">\n\t\t\t\t<div class=\"elementor-widget-container\">\n\t\t\t\t\t\t\t<div class=\"elementor-spacer\">\n\t\t\t<div class=\"elementor-spacer-inner\"><\/div>\n\t\t<\/div>\n\t\t\t\t\t\t<\/div>\n\t\t\t\t<\/div>\n\t\t\t\t<div class=\"elementor-element elementor-element-4cd6a95 elementor-widget elementor-widget-text-editor\" data-id=\"4cd6a95\" data-element_type=\"widget\" data-e-type=\"widget\" data-widget_type=\"text-editor.default\">\n\t\t\t\t<div class=\"elementor-widget-container\">\n\t\t\t\t\t\t\t\t\tCRECEMOS Y APRENDEMOS CADA D\u00cdA, DESDE 1988\t\t\t\t\t\t\t\t<\/div>\n\t\t\t\t<\/div>\n\t\t\t\t<div class=\"elementor-element elementor-element-876a887 elementor-widget elementor-widget-text-editor\" data-id=\"876a887\" data-element_type=\"widget\" data-e-type=\"widget\" data-widget_type=\"text-editor.default\">\n\t\t\t\t<div class=\"elementor-widget-container\">\n\t\t\t\t\t\t\t\t\tEn Ascensores Omega llevamos m\u00e1s de 30 a\u00f1os esforz\u00e1ndonos en mejorar. Estos son algunos hitos de nuestra aventura &#8230;. de momento.\t\t\t\t\t\t\t\t<\/div>\n\t\t\t\t<\/div>\n\t\t\t\t<div class=\"elementor-element elementor-element-26f1cb7 elementor-widget elementor-widget-spacer\" data-id=\"26f1cb7\" data-element_type=\"widget\" data-e-type=\"widget\" data-widget_type=\"spacer.default\">\n\t\t\t\t<div class=\"elementor-widget-container\">\n\t\t\t\t\t\t\t<div class=\"elementor-spacer\">\n\t\t\t<div class=\"elementor-spacer-inner\"><\/div>\n\t\t<\/div>\n\t\t\t\t\t\t<\/div>\n\t\t\t\t<\/div>\n\t\t\t\t\t<\/div>\n\t\t<\/div>\n\t\t\t\t\t<\/div>\n\t\t<\/section>\n\t\t\t\t<section class=\"elementor-section elementor-top-section elementor-element elementor-element-8ab456a elementor-section-boxed elementor-section-height-default elementor-section-height-default\" data-id=\"8ab456a\" data-element_type=\"section\" data-e-type=\"section\">\n\t\t\t\t\t\t<div class=\"elementor-container elementor-column-gap-default\">\n\t\t\t\t\t<div class=\"elementor-column elementor-col-100 elementor-top-column elementor-element elementor-element-8387d7c\" data-id=\"8387d7c\" data-element_type=\"column\" data-e-type=\"column\">\n\t\t\t<div class=\"elementor-widget-wrap elementor-element-populated\">\n\t\t\t\t\t\t<div class=\"elementor-element elementor-element-0fd31dc elementor-widget elementor-widget-mdp-timeliner-elementor\" data-id=\"0fd31dc\" data-element_type=\"widget\" data-e-type=\"widget\" data-widget_type=\"mdp-timeliner-elementor.default\">\n\t\t\t\t<div class=\"elementor-widget-container\">\n\t\t\t\t\t\n        <!-- Start Timeliner WordPress Plugin -->\n\n        <div id=\"mdp-timeline-0fd31dc\" class=\"timeline mdp-timeline-0fd31dc\">\n            <div class=\"timeline__wrap\">\n                <div class=\"timeline__items\">\n                    \n       <div class=\"timeline__item\">\n            <div class=\"timeline__content\">\n                \n        <img decoding=\"async\" src=\"https:\/\/ascensoresomega.com\/wp-content\/uploads\/2021\/12\/6.png\"\n             class=\"mdp-timeliner-image\"\n             alt=\"\"\/>\n\n                <h3 class=\"mdp-timeliner-title\">\n            <span><\/span>\n            1988            <span><\/span>\n        <\/h3>\n            <p class=\"mdp-timeliner-description\">\n            <span><\/span>\n            Fundaci\u00f3n de la empresa como delegaci\u00f3n de provincia de Tarragona de Ascensores Omega Catalunya            <span><\/span>\n        <\/p>\n              <\/div>\n       <\/div>\n\n    \n       <div class=\"timeline__item\">\n            <div class=\"timeline__content\">\n                \n        <img decoding=\"async\" src=\"https:\/\/ascensoresomega.com\/wp-content\/uploads\/2021\/12\/4.png\"\n             class=\"mdp-timeliner-image\"\n             alt=\"\"\/>\n\n                <h3 class=\"mdp-timeliner-title\">\n            <span><\/span>\n            1993            <span><\/span>\n        <\/h3>\n            <p class=\"mdp-timeliner-description\">\n            <span><\/span>\n            Primera certificaci\u00f3n en Calidad seg\u00fan norma ISO 9001            <span><\/span>\n        <\/p>\n              <\/div>\n       <\/div>\n\n    \n       <div class=\"timeline__item\">\n            <div class=\"timeline__content\">\n                \n        <img decoding=\"async\" src=\"https:\/\/ascensoresomega.com\/wp-content\/uploads\/2021\/12\/9.png\"\n             class=\"mdp-timeliner-image\"\n             alt=\"\"\/>\n\n                <h3 class=\"mdp-timeliner-title\">\n            <span><\/span>\n            2003            <span><\/span>\n        <\/h3>\n            <p class=\"mdp-timeliner-description\">\n            <span><\/span>\n            Escisi\u00f3n de Omega Catalunya y constituci\u00f3n de Ascensores Omega Tarraco S.L.            <span><\/span>\n        <\/p>\n              <\/div>\n       <\/div>\n\n    \n       <div class=\"timeline__item\">\n            <div class=\"timeline__content\">\n                \n        <img decoding=\"async\" src=\"https:\/\/ascensoresomega.com\/wp-content\/uploads\/2021\/12\/7.png\"\n             class=\"mdp-timeliner-image\"\n             alt=\"\"\/>\n\n                <h3 class=\"mdp-timeliner-title\">\n            <span><\/span>\n            2004            <span><\/span>\n        <\/h3>\n            <p class=\"mdp-timeliner-description\">\n            <span><\/span>\n            Compra y traslado a nuevas instalaciones de m\u00e1s de 1000m en el pol. ind. Agro Reus            <span><\/span>\n        <\/p>\n              <\/div>\n       <\/div>\n\n    \n       <div class=\"timeline__item\">\n            <div class=\"timeline__content\">\n                \n        <img decoding=\"async\" src=\"https:\/\/ascensoresomega.com\/wp-content\/uploads\/2021\/12\/3-1.png\"\n             class=\"mdp-timeliner-image\"\n             alt=\"\"\/>\n\n                <h3 class=\"mdp-timeliner-title\">\n            <span><\/span>\n            2005-2012            <span><\/span>\n        <\/h3>\n            <p class=\"mdp-timeliner-description\">\n            <span><\/span>\n            Montajes en Ajuntament d\u2019Arbol\u00ed y de Montroig, en el pavell\u00f3 dels Distingits, Torres Catalunya o antigua Tabacalera en Tgn            <span><\/span>\n        <\/p>\n              <\/div>\n       <\/div>\n\n    \n       <div class=\"timeline__item\">\n            <div class=\"timeline__content\">\n                \n        <img decoding=\"async\" src=\"https:\/\/ascensoresomega.com\/wp-content\/uploads\/2021\/12\/1-1.png\"\n             class=\"mdp-timeliner-image\"\n             alt=\"\"\/>\n\n                <h3 class=\"mdp-timeliner-title\">\n            <span><\/span>\n            2019            <span><\/span>\n        <\/h3>\n            <p class=\"mdp-timeliner-description\">\n            <span><\/span>\n            M\u00e1s de 1000 aparatos elevadores en mantenimiento por toda la provincia. Hoteles, oficinas, comunidades y viviendas particulares            <span><\/span>\n        <\/p>\n              <\/div>\n       <\/div>\n\n    \n       <div class=\"timeline__item\">\n            <div class=\"timeline__content\">\n                \n        <img decoding=\"async\" src=\"https:\/\/ascensoresomega.com\/wp-content\/uploads\/2021\/12\/2-1.png\"\n             class=\"mdp-timeliner-image\"\n             alt=\"\"\/>\n\n                <h3 class=\"mdp-timeliner-title\">\n            <span><\/span>\n            2021            <span><\/span>\n        <\/h3>\n            <p class=\"mdp-timeliner-description\">\n            <span><\/span>\n            Montaje de 4 elevadores de ensayo en el Edificio Tecnol\u00f3gico de Fermator            <span><\/span>\n        <\/p>\n              <\/div>\n       <\/div>\n\n    \n       <div class=\"timeline__item\">\n            <div class=\"timeline__content\">\n                \n        <img decoding=\"async\" src=\"https:\/\/ascensoresomega.com\/wp-content\/uploads\/2021\/12\/8.png\"\n             class=\"mdp-timeliner-image\"\n             alt=\"\"\/>\n\n                <h3 class=\"mdp-timeliner-title\">\n            <span><\/span>\n            2022            <span><\/span>\n        <\/h3>\n            <p class=\"mdp-timeliner-description\">\n            <span><\/span>\n            Restyling de nuestra imagen corporativa, nuestra flota y...            <span><\/span>\n        <\/p>\n              <\/div>\n       <\/div>\n\n    \n       <div class=\"timeline__item\">\n            <div class=\"timeline__content\">\n                \n        <img decoding=\"async\" src=\"https:\/\/ascensoresomega.com\/wp-content\/uploads\/2026\/02\/icon2.png\"\n             class=\"mdp-timeliner-image\"\n             alt=\"\"\/>\n\n                <h3 class=\"mdp-timeliner-title\">\n            <span><\/span>\n            2023            <span><\/span>\n        <\/h3>\n            <p class=\"mdp-timeliner-description\">\n            <span><\/span>\n            En Ascensores Omega iniciamos una apuesta firme por colaborar con entidades y clubes de Reus, reforzando nuestro compromiso con el desarrollo social, deportivo y cultural de nuestra comunidad.            <span><\/span>\n        <\/p>\n              <\/div>\n       <\/div>\n\n    \n       <div class=\"timeline__item\">\n            <div class=\"timeline__content\">\n                \n        <img decoding=\"async\" src=\"https:\/\/ascensoresomega.com\/wp-content\/uploads\/2026\/02\/icon.png\"\n             class=\"mdp-timeliner-image\"\n             alt=\"\"\/>\n\n                <h3 class=\"mdp-timeliner-title\">\n            <span><\/span>\n            2024            <span><\/span>\n        <\/h3>\n            <p class=\"mdp-timeliner-description\">\n            <span><\/span>\n            Empieza la apuesta por la<br \/>sostenibilidad haciendo transici\u00f3n a flota el\u00e9ctrica, instalando placas fotovoltaicas para el auto-consumo formando parte del origen de ACEPAR.            <span><\/span>\n        <\/p>\n              <\/div>\n       <\/div>\n\n                    <\/div>\n            <\/div>\n        <\/div>\n\n        <script>jQuery( window ).on( 'elementor\/frontend\/init', function(){window.MDPTimeliner_0fd31dc = function () {elementorFrontend.hooks.addAction( 'frontend\/element_ready\/global', function() {jQuery('#mdp-timeline-0fd31dc').timeline({\nverticalStartPosition: 'left',\nverticalTrigger: '150'\n}); });}; \nwindow.MDPTimeliner_0fd31dc();});<\/script>\n\n        <!-- End Timeliner WordPress Plugin -->\n\t    \t\t\t\t<\/div>\n\t\t\t\t<\/div>\n\t\t\t\t\t<\/div>\n\t\t<\/div>\n\t\t\t\t\t<\/div>\n\t\t<\/section>\n\t\t\t\t<\/div>\n\t\t","protected":false},"excerpt":{"rendered":"<p>ASCENSORES OMEGA HISTORIA TIMELINEDE ASCENSORES OMEGA CRECEMOS Y APRENDEMOS CADA D\u00cdA, DESDE 1988En Ascensores Omega llevamos m\u00e1s de 30 a\u00f1os esforz\u00e1ndonos en mejorar. Estos son algunos hitos de nuestra aventura &#8230;. de momento. 1988 Fundaci\u00f3n de la empresa como delegaci\u00f3n de provincia de Tarragona de Ascensores Omega Catalunya 1993 Primera certificaci\u00f3n en Calidad seg\u00fan norma &#8230; <a title=\"Historia\" class=\"read-more\" href=\"https:\/\/ascensoresomega.com\/es\/historia\/\" aria-label=\"Leer m\u00e1s sobre Historia\">Leer m\u00e1s<\/a><\/p>\n","protected":false},"author":1,"featured_media":0,"parent":0,"menu_order":0,"comment_status":"closed","ping_status":"closed","template":"","meta":{"footnotes":""},"class_list":["post-1784","page","type-page","status-publish"],"_links":{"self":[{"href":"https:\/\/ascensoresomega.com\/es\/wp-json\/wp\/v2\/pages\/1784","targetHints":{"allow":["GET"]}}],"collection":[{"href":"https:\/\/ascensoresomega.com\/es\/wp-json\/wp\/v2\/pages"}],"about":[{"href":"https:\/\/ascensoresomega.com\/es\/wp-json\/wp\/v2\/types\/page"}],"author":[{"embeddable":true,"href":"https:\/\/ascensoresomega.com\/es\/wp-json\/wp\/v2\/users\/1"}],"replies":[{"embeddable":true,"href":"https:\/\/ascensoresomega.com\/es\/wp-json\/wp\/v2\/comments?post=1784"}],"version-history":[{"count":25,"href":"https:\/\/ascensoresomega.com\/es\/wp-json\/wp\/v2\/pages\/1784\/revisions"}],"predecessor-version":[{"id":3915,"href":"https:\/\/ascensoresomega.com\/es\/wp-json\/wp\/v2\/pages\/1784\/revisions\/3915"}],"wp:attachment":[{"href":"https:\/\/ascensoresomega.com\/es\/wp-json\/wp\/v2\/media?parent=1784"}],"curies":[{"name":"wp","href":"https:\/\/api.w.org\/{rel}","templated":true}]}}