{"id":3,"date":"2021-12-12T15:43:12","date_gmt":"2021-12-12T15:43:12","guid":{"rendered":"http:\/\/ascensoresomega.com\/?page_id=3"},"modified":"2021-12-28T10:38:33","modified_gmt":"2021-12-28T10:38:33","slug":"politica-privacidad","status":"publish","type":"page","link":"https:\/\/ascensoresomega.com\/es\/politica-privacidad\/","title":{"rendered":"Pol\u00edtica de privacidad"},"content":{"rendered":"\t\t<div data-elementor-type=\"wp-page\" data-elementor-id=\"3\" class=\"elementor elementor-3\" data-elementor-post-type=\"page\">\n\t\t\t\t\t\t<section class=\"elementor-section elementor-top-section elementor-element elementor-element-f9063ff elementor-section-height-min-height elementor-section-boxed elementor-section-height-default elementor-section-items-middle\" data-id=\"f9063ff\" data-element_type=\"section\" data-e-type=\"section\" id=\"cabecera\" data-settings=\"{&quot;background_background&quot;:&quot;classic&quot;}\">\n\t\t\t\t\t\t<div class=\"elementor-container elementor-column-gap-default\">\n\t\t\t\t\t<div class=\"elementor-column elementor-col-100 elementor-top-column elementor-element elementor-element-87eec7a\" data-id=\"87eec7a\" data-element_type=\"column\" data-e-type=\"column\">\n\t\t\t<div class=\"elementor-widget-wrap elementor-element-populated\">\n\t\t\t\t\t\t<div class=\"elementor-element elementor-element-b7f8d11 elementor-widget elementor-widget-text-editor\" data-id=\"b7f8d11\" data-element_type=\"widget\" data-e-type=\"widget\" data-widget_type=\"text-editor.default\">\n\t\t\t\t<div class=\"elementor-widget-container\">\n\t\t\t\t\t\t\t\t\t<h1>POL\u00cdTICA DE PRIVACIDAD<\/h1>\t\t\t\t\t\t\t\t<\/div>\n\t\t\t\t<\/div>\n\t\t\t\t\t<\/div>\n\t\t<\/div>\n\t\t\t\t\t<\/div>\n\t\t<\/section>\n\t\t\t\t<section class=\"elementor-section elementor-top-section elementor-element elementor-element-41a516cf elementor-section-boxed elementor-section-height-default elementor-section-height-default\" data-id=\"41a516cf\" data-element_type=\"section\" data-e-type=\"section\">\n\t\t\t\t\t\t<div class=\"elementor-container elementor-column-gap-default\">\n\t\t\t\t\t<div class=\"elementor-column elementor-col-100 elementor-top-column elementor-element elementor-element-214a419f\" data-id=\"214a419f\" data-element_type=\"column\" data-e-type=\"column\">\n\t\t\t<div class=\"elementor-widget-wrap elementor-element-populated\">\n\t\t\t\t\t\t<div class=\"elementor-element elementor-element-ce2b3f7 elementor-widget elementor-widget-text-editor\" data-id=\"ce2b3f7\" data-element_type=\"widget\" data-e-type=\"widget\" data-widget_type=\"text-editor.default\">\n\t\t\t\t<div class=\"elementor-widget-container\">\n\t\t\t\t\t\t\t\t\t<p>Cuando precisemos obtener informaci\u00f3n por su parte, siempre le solicitaremos que nos la proporcione voluntariamente de forma expresa. Los datos ser\u00e1n\u00a0 recabados a trav\u00e9s de los formularios de recogida de datos del sitio web u otras v\u00edas.<\/p><p>\u00a0<\/p><table width=\"0\"><tbody><tr><td colspan=\"2\" width=\"575\"><p><strong>Informaci\u00f3n B\u00e1sica sobre Protecci\u00f3n de Datos<\/strong><\/p><\/td><\/tr><tr><td width=\"158\"><p>Responsable:<\/p><\/td><td width=\"417\"><p>ASCENSORES OMEGA TARRACO S.L.<\/p><\/td><\/tr><tr><td width=\"158\"><p>Finalidad:<\/p><\/td><td width=\"417\"><p>Atender a sus consultas, Solicitud de presupuestos y env\u00edo de comunicaciones comerciales.<\/p><\/td><\/tr><tr><td width=\"158\"><p>Legitimaci\u00f3n:<\/p><\/td><td width=\"417\"><p><span style=\"background-color: var(--base-3); color: var(--contrast);\">Consentimiento del interesado.<\/span><\/p><\/td><\/tr><tr><td width=\"158\"><p>Destinatarios:<\/p><\/td><td width=\"417\"><p>No se ceder\u00e1n datos a terceros, salvo obligaci\u00f3n legal.<\/p><\/td><\/tr><tr><td width=\"158\"><p>Derechos:<\/p><\/td><td width=\"417\"><p>Tiene derecho a acceder, rectificar y suprimir los datos, as\u00ed como otros derechos, indicados en la informaci\u00f3n adicional, que puede ejercer dirigi\u00e9ndose a la direcci\u00f3n del responsable del tratamiento en\u00a0<a href=\"mailto:soporte@infomesidees.com\">soporte@infomesidees.com<\/a><\/p><\/td><\/tr><tr><td width=\"158\"><p>Procedencia:<\/p><\/td><td width=\"417\"><p>El propio interesado.<\/p><\/td><\/tr><tr><td width=\"158\"><p><strong>Informaci\u00f3n adicional:<\/strong><\/p><\/td><td width=\"417\"><p>Puede consultar informaci\u00f3n adicional y detallada sobre Protecci\u00f3n de Datos en la parte final de este documento.<\/p><\/td><\/tr><\/tbody><\/table>\t\t\t\t\t\t\t\t<\/div>\n\t\t\t\t<\/div>\n\t\t\t\t<div class=\"elementor-element elementor-element-8f3ebcc elementor-widget elementor-widget-text-editor\" data-id=\"8f3ebcc\" data-element_type=\"widget\" data-e-type=\"widget\" data-widget_type=\"text-editor.default\">\n\t\t\t\t<div class=\"elementor-widget-container\">\n\t\t\t\t\t\t\t\t\t<h2><strong>Informaci\u00f3n adicional\u00a0\u00a0\u00a0\u00a0\u00a0\u00a0\u00a0\u00a0\u00a0\u00a0\u00a0\u00a0\u00a0\u00a0\u00a0\u00a0\u00a0\u00a0\u00a0\u00a0\u00a0\u00a0\u00a0\u00a0\u00a0\u00a0\u00a0\u00a0\u00a0\u00a0\u00a0\u00a0\u00a0\u00a0\u00a0\u00a0\u00a0\u00a0\u00a0\u00a0\u00a0\u00a0\u00a0\u00a0\u00a0\u00a0\u00a0\u00a0\u00a0\u00a0\u00a0\u00a0\u00a0\u00a0\u00a0\u00a0\u00a0\u00a0\u00a0\u00a0\u00a0\u00a0\u00a0\u00a0\u00a0\u00a0\u00a0\u00a0\u00a0\u00a0\u00a0<\/strong><\/h2>\t\t\t\t\t\t\t\t<\/div>\n\t\t\t\t<\/div>\n\t\t\t\t<div class=\"elementor-element elementor-element-7b60b33 elementor-widget elementor-widget-text-editor\" data-id=\"7b60b33\" data-element_type=\"widget\" data-e-type=\"widget\" data-widget_type=\"text-editor.default\">\n\t\t\t\t<div class=\"elementor-widget-container\">\n\t\t\t\t\t\t\t\t\t<h4><strong>\u00bfQui\u00e9n es el responsable del tratamiento de sus datos?<\/strong><\/h4><p>\u00a0<\/p><p><strong>Identidad:<\/strong>\u00a0ASCENSORES OMEGA TARRACO S.L.\u00a0<strong>NIF<\/strong>: B 43394394<\/p><p>\u00a0<\/p><p><strong>Direcci\u00f3n postal<\/strong>: C. Ignasi Iglesies 26, 43206, Reus,(Tarragona).<\/p><p>\u00a0<\/p><p><strong>Tel\u00e9fono<\/strong>: 977 311 494\u00a0\u00a0\u00a0\u00a0\u00a0<strong>Correo electr\u00f3nico<\/strong>:\u00a0comercial@ascensoresomega.com<\/p><p>\u00a0<\/p><h4><strong>\u00bfCon qu\u00e9 finalidad tratamos sus datos personales?<\/strong><\/h4><p>\u00a0<\/p><p>ASCENSORES OMEGA TARRACO S.L. Propietario de la Web\u00a0 tratamos la informaci\u00f3n que nos facilitan las personas interesadas con el fin de:, Responder a sus consultas, Atender a su solicitud de presupuesto, as\u00ed como el env\u00edo de\u00a0 comunicaciones comerciales sobre nuestros productos y servicios.<\/p><h4>\u00a0<\/h4><h4><strong>\u00bfPor cu\u00e1nto tiempo conservaremos sus datos?<\/strong><\/h4><p>\u00a0<\/p><p>Los datos se conservar\u00e1n mientras no nos solicite su supresi\u00f3n y en cualquier caso durante los a\u00f1os necesarios para cumplir con las obligaciones legales.<\/p><p>\u00a0<\/p><p><strong>\u00bfCu\u00e1l es la legitimaci\u00f3n para el tratamiento de sus datos?<\/strong><\/p><p>\u00a0<\/p><p>Le indicamos la base legal para el tratamiento de sus datos:<\/p><ul><li>Consentimiento del interesado: Atender a sus consultas, Gestionar su solicitud de presupuesto y Env\u00edo de comunicaciones comerciales .<\/li><\/ul><h4><strong>\u00bfA qu\u00e9 destinatarios se comunicar\u00e1n sus datos?<\/strong><\/h4><p>\u00a0<\/p><p>No se ceder\u00e1n datos a terceros, salvo obligaci\u00f3n legal y con los prestadores de servicios, con quienes compartimos datos, existe el Contrato de prestaci\u00f3n de servicios, debidamente firmado, seg\u00fan dicta el art\u00edculo 28 del RGPD-UE.<\/p><p>\u00a0<\/p><h4><strong>\u00bfTransferencias de datos a terceros pa\u00edses?<\/strong><\/h4><p>\u00a0<\/p><p>No est\u00e1n previstas transferencias de datos a terceros pa\u00edses.<\/p><p>\u00a0<\/p><h4><strong>\u00bfCu\u00e1les son sus derechos cuando nos facilita sus datos?<\/strong><\/h4><p>\u00a0<\/p><p>Cualquier persona tiene derecho a obtener confirmaci\u00f3n sobre si ASCENSORES OMEGA TARRACO S.L. est\u00e0 tratando datos personales que les conciernan, o no.<\/p><p>Las personas interesadas tienen derecho a acceder a sus datos personales, as\u00ed como a solicitar la rectificaci\u00f3n de los datos inexactos o, en su caso, solicitar su supresi\u00f3n cuando, entre otros motivos, los datos ya no sean necesarios para los fines que fueron recogidos.<\/p><p>En determinadas circunstancias, los interesados podr\u00e1n solicitar la limitaci\u00f3n del tratamiento de sus datos, en cuyo caso \u00fanicamente los conservaremos para el ejercicio o la defensa de reclamaciones.<\/p><p>En determinadas circunstancias y por motivos relacionados con su situaci\u00f3n particular, los interesados podr\u00e1n oponerse al tratamiento de sus datos. En este caso, ASCENSORES OMEGA TARRACO S.L. dejar\u00e1 de tratar los datos, salvo por motivos leg\u00edtimos imperiosos, o el ejercicio o la defensa de posibles reclamaciones.<\/p><p>Podr\u00e1 ejercitar materialmente sus derechos de la siguiente forma: Tiene derecho a acceder, rectificar y suprimir los datos, as\u00ed como la portabilidad de sus datos, que puede ejercer en la direcci\u00f3n del propietario de la web.<\/p><p>Si ha otorgado su consentimiento para alguna finalidad concreta, tiene derecho a retirar el consentimiento otorgado en cualquier momento, sin que ello afecte a la licitud del tratamiento basado en el consentimiento previo a su retirada.<\/p><p>En caso de que sienta vulnerados sus derechos en lo concerniente a la protecci\u00f3n de sus datos personales, especialmente cuando no haya obtenido satisfacci\u00f3n en el ejercicio de sus derechos, puede presentar una reclamaci\u00f3n ante la Autoridad de Control en materia de Protecci\u00f3n de Datos competente a trav\u00e9s de su sitio web: www.agpd.es.<\/p>\t\t\t\t\t\t\t\t<\/div>\n\t\t\t\t<\/div>\n\t\t\t\t\t<\/div>\n\t\t<\/div>\n\t\t\t\t\t<\/div>\n\t\t<\/section>\n\t\t\t\t<section class=\"elementor-section elementor-top-section elementor-element elementor-element-df88e65 elementor-section-boxed elementor-section-height-default elementor-section-height-default\" data-id=\"df88e65\" data-element_type=\"section\" data-e-type=\"section\">\n\t\t\t\t\t\t<div class=\"elementor-container elementor-column-gap-default\">\n\t\t\t\t\t<div class=\"elementor-column elementor-col-100 elementor-top-column elementor-element elementor-element-98f6a61\" data-id=\"98f6a61\" data-element_type=\"column\" data-e-type=\"column\">\n\t\t\t<div class=\"elementor-widget-wrap elementor-element-populated\">\n\t\t\t\t\t\t<div class=\"elementor-element elementor-element-75fd081 elementor-widget elementor-widget-text-editor\" data-id=\"75fd081\" data-element_type=\"widget\" data-e-type=\"widget\" data-widget_type=\"text-editor.default\">\n\t\t\t\t<div class=\"elementor-widget-container\">\n\t\t\t\t\t\t\t\t\t<h3><strong>\u00bfC\u00f3mo hemos obtenido sus datos?<\/strong><\/h3>\t\t\t\t\t\t\t\t<\/div>\n\t\t\t\t<\/div>\n\t\t\t\t<div class=\"elementor-element elementor-element-d198d38 elementor-widget elementor-widget-text-editor\" data-id=\"d198d38\" data-element_type=\"widget\" data-e-type=\"widget\" data-widget_type=\"text-editor.default\">\n\t\t\t\t<div class=\"elementor-widget-container\">\n\t\t\t\t\t\t\t\t\t<p>Los datos personales que trata ASCENSORES OMEGA TARRACO S.L. proceden del propio interesado.<br \/>No se tratan categor\u00edas especiales de datos personales (son aquellos datos que revelen el origen \u00e9tnico o racial, las opiniones pol\u00edticas, las convicciones religiosas o filos\u00f3ficas, o la afiliaci\u00f3n sindical, datos gen\u00e9ticos, datos biom\u00e9tricos dirigidos a identificar de manera un\u00edvoca a una persona f\u00edsica, datos relativos a la salud o datos relativos a la vida sexual o la orientaci\u00f3n sexual de una persona f\u00edsica).<\/p><p>\u00a0<\/p><p>EL PROPIETARIO DE LA WEB podr\u00e1 utilizar cookies durante la prestaci\u00f3n de servicios del sitio web. Las cookies son ficheros f\u00edsicos de informaci\u00f3n personal alojados en el propio terminal del usuario. El usuario tiene la posibilidad de configurar su programa navegador de manera que se impida la creaci\u00f3n de archivos cookie o se advierta de la misma.<\/p><p>\u00a0<\/p><p>ASCENSORES OMEGA TARRACO S.L. adopta los niveles de seguridad correspondientes requeridos por REGLAMENTO (UE) 2016\/679 DEL PARLAMENTO EUROPEO Y DEL CONSEJO y dem\u00e1s normativa aplicable. No obstante, no puede garantizar la absoluta invulnerabilidad de los sistemas, por tanto, no asume ninguna responsabilidad por los da\u00f1os y perjuicios derivados de alteraciones que terceros puedan causar en los sistemas inform\u00e1ticos, documentos electr\u00f3nicos o ficheros del usuario.<br \/>Si opta por abandonar nuestro sitio web a trav\u00e9s de enlaces a sitios web no pertenecientes a nuestra entidad, ASCENSORES OMEGA TARRACO S.L. no se har\u00e1 responsable de las pol\u00edticas de privacidad de dichos sitios web ni de las cookies que \u00e9stos puedan almacenar en el ordenador del usuario.<br \/>Nuestra pol\u00edtica con respecto al correo electr\u00f3nico se centra en remitir \u00fanicamente comunicaciones que usted haya solicitado recibir.<\/p><p>Si prefiere no recibir estos mensajes por correo electr\u00f3nico le ofreceremos a trav\u00e9s de los mismos la posibilidad de ejercer su derecho de cancelaci\u00f3n y renuncia a la recepci\u00f3n de estos mensajes, en conformidad con lo dispuesto en el T\u00edtulo III, art\u00edculo 22 de la Ley 34\/2002, de Servicios para la Sociedad de la Informaci\u00f3n y de Comercio Electr\u00f3nico.<\/p>\t\t\t\t\t\t\t\t<\/div>\n\t\t\t\t<\/div>\n\t\t\t\t\t<\/div>\n\t\t<\/div>\n\t\t\t\t\t<\/div>\n\t\t<\/section>\n\t\t\t\t<section class=\"elementor-section elementor-top-section elementor-element elementor-element-3ba1275 elementor-section-boxed elementor-section-height-default elementor-section-height-default\" data-id=\"3ba1275\" data-element_type=\"section\" data-e-type=\"section\">\n\t\t\t\t\t\t<div class=\"elementor-container elementor-column-gap-default\">\n\t\t\t\t\t<div class=\"elementor-column elementor-col-100 elementor-top-column elementor-element elementor-element-527f8c2\" data-id=\"527f8c2\" data-element_type=\"column\" data-e-type=\"column\">\n\t\t\t<div class=\"elementor-widget-wrap elementor-element-populated\">\n\t\t\t\t\t\t<div class=\"elementor-element elementor-element-b7e4373 elementor-widget elementor-widget-text-editor\" data-id=\"b7e4373\" data-element_type=\"widget\" data-e-type=\"widget\" data-widget_type=\"text-editor.default\">\n\t\t\t\t<div class=\"elementor-widget-container\">\n\t\t\t\t\t\t\t\t\t<h3><strong>Legislaci\u00f3n aplicable<\/strong><\/h3>\t\t\t\t\t\t\t\t<\/div>\n\t\t\t\t<\/div>\n\t\t\t\t<div class=\"elementor-element elementor-element-af29da9 elementor-widget elementor-widget-text-editor\" data-id=\"af29da9\" data-element_type=\"widget\" data-e-type=\"widget\" data-widget_type=\"text-editor.default\">\n\t\t\t\t<div class=\"elementor-widget-container\">\n\t\t\t\t\t\t\t\t\t<p>Las condiciones presentes se regir\u00e1n por la legislaci\u00f3n espa\u00f1ola vigente.<\/p><p>La lengua utilizada ser\u00e1 el Castellano.<\/p>\t\t\t\t\t\t\t\t<\/div>\n\t\t\t\t<\/div>\n\t\t\t\t\t<\/div>\n\t\t<\/div>\n\t\t\t\t\t<\/div>\n\t\t<\/section>\n\t\t\t\t<\/div>\n\t\t","protected":false},"excerpt":{"rendered":"<p>POL\u00cdTICA DE PRIVACIDAD Cuando precisemos obtener informaci\u00f3n por su parte, siempre le solicitaremos que nos la proporcione voluntariamente de forma expresa. Los datos ser\u00e1n\u00a0 recabados a trav\u00e9s de los formularios de recogida de datos del sitio web u otras v\u00edas. \u00a0 Informaci\u00f3n B\u00e1sica sobre Protecci\u00f3n de Datos Responsable: ASCENSORES OMEGA TARRACO S.L. Finalidad: Atender a &#8230; <a title=\"Pol\u00edtica de privacidad\" class=\"read-more\" href=\"https:\/\/ascensoresomega.com\/es\/politica-privacidad\/\" aria-label=\"Leer m\u00e1s sobre Pol\u00edtica de privacidad\">Leer m\u00e1s<\/a><\/p>\n","protected":false},"author":1,"featured_media":0,"parent":0,"menu_order":0,"comment_status":"closed","ping_status":"closed","template":"","meta":{"footnotes":""},"class_list":["post-3","page","type-page","status-publish"],"_links":{"self":[{"href":"https:\/\/ascensoresomega.com\/es\/wp-json\/wp\/v2\/pages\/3","targetHints":{"allow":["GET"]}}],"collection":[{"href":"https:\/\/ascensoresomega.com\/es\/wp-json\/wp\/v2\/pages"}],"about":[{"href":"https:\/\/ascensoresomega.com\/es\/wp-json\/wp\/v2\/types\/page"}],"author":[{"embeddable":true,"href":"https:\/\/ascensoresomega.com\/es\/wp-json\/wp\/v2\/users\/1"}],"replies":[{"embeddable":true,"href":"https:\/\/ascensoresomega.com\/es\/wp-json\/wp\/v2\/comments?post=3"}],"version-history":[{"count":0,"href":"https:\/\/ascensoresomega.com\/es\/wp-json\/wp\/v2\/pages\/3\/revisions"}],"wp:attachment":[{"href":"https:\/\/ascensoresomega.com\/es\/wp-json\/wp\/v2\/media?parent=3"}],"curies":[{"name":"wp","href":"https:\/\/api.w.org\/{rel}","templated":true}]}}