{"id":3617,"date":"2026-02-24T10:40:15","date_gmt":"2026-02-24T10:40:15","guid":{"rendered":"https:\/\/ascensoresomega.com\/sostenibilidad\/"},"modified":"2026-02-24T11:04:02","modified_gmt":"2026-02-24T11:04:02","slug":"sostenibilidad","status":"publish","type":"page","link":"https:\/\/ascensoresomega.com\/es\/sostenibilidad\/","title":{"rendered":"Sostenibilidad"},"content":{"rendered":"\t\t<div data-elementor-type=\"wp-page\" data-elementor-id=\"3617\" class=\"elementor elementor-3617 elementor-3503\" data-elementor-post-type=\"page\">\n\t\t\t\t<div class=\"elementor-element elementor-element-25da3b0 e-flex e-con-boxed e-con e-parent\" data-id=\"25da3b0\" data-element_type=\"container\" data-e-type=\"container\" id=\"cabecera\" data-settings=\"{&quot;background_background&quot;:&quot;classic&quot;}\">\n\t\t\t\t\t<div class=\"e-con-inner\">\n\t\t<div class=\"elementor-element elementor-element-e75b9ea e-con-full e-flex e-con e-child\" data-id=\"e75b9ea\" data-element_type=\"container\" data-e-type=\"container\">\n\t\t\t\t<div class=\"elementor-element elementor-element-2df3e6a elementor-widget elementor-widget-text-editor\" data-id=\"2df3e6a\" data-element_type=\"widget\" data-e-type=\"widget\" data-widget_type=\"text-editor.default\">\n\t\t\t\t<div class=\"elementor-widget-container\">\n\t\t\t\t\t\t\t\t\t<p>ASCENSORES OMEGA<\/p><h1>SOSTENIBILIDAD Y ENERG\u00cdA LIMPIA<\/h1>\t\t\t\t\t\t\t\t<\/div>\n\t\t\t\t<\/div>\n\t\t\t\t<\/div>\n\t\t\t\t\t<\/div>\n\t\t\t\t<\/div>\n\t\t<div class=\"elementor-element elementor-element-bd3ea99 e-flex e-con-boxed e-con e-parent\" data-id=\"bd3ea99\" data-element_type=\"container\" data-e-type=\"container\" id=\"seccion0\">\n\t\t\t\t\t<div class=\"e-con-inner\">\n\t\t<div class=\"elementor-element elementor-element-12cfab2 e-con-full e-flex e-con e-child\" data-id=\"12cfab2\" data-element_type=\"container\" data-e-type=\"container\">\n\t\t<div class=\"elementor-element elementor-element-44e66bd e-con-full e-flex e-con e-child\" data-id=\"44e66bd\" data-element_type=\"container\" data-e-type=\"container\">\n\t\t<div class=\"elementor-element elementor-element-7a59286 e-con-full e-flex e-con e-child\" data-id=\"7a59286\" data-element_type=\"container\" data-e-type=\"container\">\n\t\t\t\t<div class=\"elementor-element elementor-element-153c903 elementor-widget__width-initial elementor-widget-mobile__width-inherit elementor-widget-tablet__width-inherit elementor-widget elementor-widget-text-editor\" data-id=\"153c903\" data-element_type=\"widget\" data-e-type=\"widget\" data-widget_type=\"text-editor.default\">\n\t\t\t\t<div class=\"elementor-widget-container\">\n\t\t\t\t\t\t\t\t\t<p><span class=\"gray subtitle\">ASCENSORES<\/span><\/p><h2>IMPULSAMOS UN FUTURO SOSTENIBLE.<br>MOVILIDAD EL\u00c9CTRICA Y ENERG\u00cdA LIMPIA PARA NUESTRA COMUNIDAD.<\/h2>\t\t\t\t\t\t\t\t<\/div>\n\t\t\t\t<\/div>\n\t\t\t\t<\/div>\n\t\t\t\t<\/div>\n\t\t\t\t<div class=\"elementor-element elementor-element-7198079 elementor-widget elementor-widget-spacer\" data-id=\"7198079\" data-element_type=\"widget\" data-e-type=\"widget\" data-widget_type=\"spacer.default\">\n\t\t\t\t<div class=\"elementor-widget-container\">\n\t\t\t\t\t\t\t<div class=\"elementor-spacer\">\n\t\t\t<div class=\"elementor-spacer-inner\"><\/div>\n\t\t<\/div>\n\t\t\t\t\t\t<\/div>\n\t\t\t\t<\/div>\n\t\t\t\t<div class=\"elementor-element elementor-element-893571a elementor-widget elementor-widget-text-editor\" data-id=\"893571a\" data-element_type=\"widget\" data-e-type=\"widget\" data-widget_type=\"text-editor.default\">\n\t\t\t\t<div class=\"elementor-widget-container\">\n\t\t\t\t\t\t\t\t\t<p data-path-to-node=\"5\">En Ascensores Omega la sostenibilidad forma parte de nuestra estrategia y de nuestra manera<br>de entender el crecimiento empresarial. Hemos iniciado un proceso progresivo de renovaci\u00f3n<br>de nuestra flota, incorporando veh\u00edculos el\u00e9ctricos e h\u00edbridos que reducen las emisiones,<br>optimizan el consumo energ\u00e9tico y disminuyen el impacto ambiental de nuestra actividad diaria.<\/p><p data-path-to-node=\"6\"> <\/p><p data-path-to-node=\"6\">Esta apuesta por una movilidad m\u00e1s eficiente se complementa con la mejora continua de<br>nuestros procesos internos: priorizamos materiales m\u00e1s sostenibles, promovemos la reducci\u00f3n<br>de residuos y trabajamos para optimizar el uso de recursos y energ\u00eda en nuestras instalaciones.<br>Con ello, contribuimos activamente a mantener un entorno urbano m\u00e1s limpio y saludable,<br>entendiendo que el cuidado de Reus es una responsabilidad compartida entre empresas,<br>instituciones y ciudadan\u00eda.<\/p>\t\t\t\t\t\t\t\t<\/div>\n\t\t\t\t<\/div>\n\t\t\t\t<\/div>\n\t\t\t\t\t<\/div>\n\t\t\t\t<\/div>\n\t\t<div class=\"elementor-element elementor-element-2a66f95 e-con-full e-flex e-con e-parent\" data-id=\"2a66f95\" data-element_type=\"container\" data-e-type=\"container\" id=\"seccion0\">\n\t\t<div class=\"elementor-element elementor-element-51ae858 e-flex e-con-boxed e-con e-child\" data-id=\"51ae858\" data-element_type=\"container\" data-e-type=\"container\">\n\t\t\t\t\t<div class=\"e-con-inner\">\n\t\t\t\t<div class=\"elementor-element elementor-element-23fb01f elementor-widget elementor-widget-text-editor\" data-id=\"23fb01f\" data-element_type=\"widget\" data-e-type=\"widget\" data-widget_type=\"text-editor.default\">\n\t\t\t\t<div class=\"elementor-widget-container\">\n\t\t\t\t\t\t\t\t\t<h2>RENOVAMOS LA FLOTA<br><\/h2>\t\t\t\t\t\t\t\t<\/div>\n\t\t\t\t<\/div>\n\t\t\t\t\t<\/div>\n\t\t\t\t<\/div>\n\t\t<div class=\"elementor-element elementor-element-1dd6d0b e-flex e-con-boxed e-con e-child\" data-id=\"1dd6d0b\" data-element_type=\"container\" data-e-type=\"container\">\n\t\t\t\t\t<div class=\"e-con-inner\">\n\t\t\t\t<div class=\"elementor-element elementor-element-5a821dc elementor-widget elementor-widget-video\" data-id=\"5a821dc\" data-element_type=\"widget\" data-e-type=\"widget\" data-settings=\"{&quot;video_type&quot;:&quot;vimeo&quot;,&quot;show_image_overlay&quot;:&quot;yes&quot;,&quot;image_overlay&quot;:{&quot;url&quot;:&quot;https:\\\/\\\/ascensoresomega.com\\\/wp-content\\\/uploads\\\/2026\\\/02\\\/OMEGA_ASC_NAVE-18.jpg&quot;,&quot;id&quot;:3620,&quot;size&quot;:&quot;&quot;,&quot;alt&quot;:&quot;Sostenibilidad  Ascensores Omega&quot;,&quot;source&quot;:&quot;library&quot;},&quot;lightbox&quot;:&quot;yes&quot;}\" data-widget_type=\"video.default\">\n\t\t\t\t<div class=\"elementor-widget-container\">\n\t\t\t\t\t\t\t<div class=\"elementor-wrapper elementor-open-lightbox\">\n\t\t\t\t\t\t\t<div class=\"elementor-custom-embed-image-overlay\" data-elementor-open-lightbox=\"yes\" data-elementor-lightbox=\"{&quot;type&quot;:&quot;video&quot;,&quot;videoType&quot;:&quot;vimeo&quot;,&quot;url&quot;:&quot;https:\\\/\\\/player.vimeo.com\\\/video\\\/1165956877?color&amp;autopause=0&amp;loop=0&amp;muted=0&amp;title=1&amp;portrait=1&amp;byline=1#t=&quot;,&quot;autoplay&quot;:&quot;&quot;,&quot;modalOptions&quot;:{&quot;id&quot;:&quot;elementor-lightbox-5a821dc&quot;,&quot;entranceAnimation&quot;:&quot;&quot;,&quot;entranceAnimation_tablet&quot;:&quot;&quot;,&quot;entranceAnimation_mobile&quot;:&quot;&quot;,&quot;videoAspectRatio&quot;:&quot;169&quot;}}\" data-e-action-hash=\"#elementor-action%3Aaction%3Dlightbox%26settings%3DeyJ0eXBlIjoidmlkZW8iLCJ2aWRlb1R5cGUiOiJ2aW1lbyIsInVybCI6Imh0dHBzOlwvXC9wbGF5ZXIudmltZW8uY29tXC92aWRlb1wvMTE2NTk1Njg3Nz9jb2xvciZhdXRvcGF1c2U9MCZsb29wPTAmbXV0ZWQ9MCZ0aXRsZT0xJnBvcnRyYWl0PTEmYnlsaW5lPTEjdD0iLCJhdXRvcGxheSI6IiIsIm1vZGFsT3B0aW9ucyI6eyJpZCI6ImVsZW1lbnRvci1saWdodGJveC01YTgyMWRjIiwiZW50cmFuY2VBbmltYXRpb24iOiIiLCJlbnRyYW5jZUFuaW1hdGlvbl90YWJsZXQiOiIiLCJlbnRyYW5jZUFuaW1hdGlvbl9tb2JpbGUiOiIiLCJ2aWRlb0FzcGVjdFJhdGlvIjoiMTY5In19\">\n\t\t\t\t\t\t\t\t\t\t\t<img fetchpriority=\"high\" decoding=\"async\" width=\"1080\" height=\"720\" src=\"https:\/\/ascensoresomega.com\/wp-content\/uploads\/2026\/02\/OMEGA_ASC_NAVE-18.jpg\" class=\"attachment-full size-full wp-image-3620\" alt=\"Sostenibilidad Ascensores Omega\" srcset=\"https:\/\/ascensoresomega.com\/wp-content\/uploads\/2026\/02\/OMEGA_ASC_NAVE-18.jpg 1080w, https:\/\/ascensoresomega.com\/wp-content\/uploads\/2026\/02\/OMEGA_ASC_NAVE-18-300x200.jpg 300w, https:\/\/ascensoresomega.com\/wp-content\/uploads\/2026\/02\/OMEGA_ASC_NAVE-18-1024x683.jpg 1024w, https:\/\/ascensoresomega.com\/wp-content\/uploads\/2026\/02\/OMEGA_ASC_NAVE-18-768x512.jpg 768w\" sizes=\"(max-width: 1080px) 100vw, 1080px\" \/>\t\t\t\t\t\t\t\t\t\t\t\t\t\t\t\t<div class=\"elementor-custom-embed-play\" role=\"button\" aria-label=\"Reproducir video acerca de Sostenibilidad  Ascensores Omega\" tabindex=\"0\">\n\t\t\t\t\t\t\t<i aria-hidden=\"true\" class=\"eicon-play\"><\/i>\t\t\t\t\t\t<\/div>\n\t\t\t\t\t\t\t\t\t<\/div>\n\t\t\t\t\t<\/div>\n\t\t\t\t\t\t<\/div>\n\t\t\t\t<\/div>\n\t\t\t\t\t<\/div>\n\t\t\t\t<\/div>\n\t\t<div class=\"elementor-element elementor-element-eff57d1 e-flex e-con-boxed e-con e-child\" data-id=\"eff57d1\" data-element_type=\"container\" data-e-type=\"container\">\n\t\t\t\t\t<div class=\"e-con-inner\">\n\t\t\t\t<div class=\"elementor-element elementor-element-e4e3c89 elementor-widget elementor-widget-image\" data-id=\"e4e3c89\" data-element_type=\"widget\" data-e-type=\"widget\" data-widget_type=\"image.default\">\n\t\t\t\t<div class=\"elementor-widget-container\">\n\t\t\t\t\t\t\t\t\t\t\t\t\t\t\t<img decoding=\"async\" width=\"683\" height=\"1024\" src=\"https:\/\/ascensoresomega.com\/wp-content\/uploads\/2026\/02\/foto-683x1024.jpg\" class=\"attachment-large size-large wp-image-3621\" alt=\"Compromiso sostenible Ascensores Omega\" srcset=\"https:\/\/ascensoresomega.com\/wp-content\/uploads\/2026\/02\/foto-683x1024.jpg 683w, https:\/\/ascensoresomega.com\/wp-content\/uploads\/2026\/02\/foto-200x300.jpg 200w, https:\/\/ascensoresomega.com\/wp-content\/uploads\/2026\/02\/foto-768x1152.jpg 768w, https:\/\/ascensoresomega.com\/wp-content\/uploads\/2026\/02\/foto.jpg 900w\" sizes=\"(max-width: 683px) 100vw, 683px\" \/>\t\t\t\t\t\t\t\t\t\t\t\t\t\t\t<\/div>\n\t\t\t\t<\/div>\n\t\t\t\t\t<\/div>\n\t\t\t\t<\/div>\n\t\t\t\t<\/div>\n\t\t<div class=\"elementor-element elementor-element-d81583e e-flex e-con-boxed e-con e-parent\" data-id=\"d81583e\" data-element_type=\"container\" data-e-type=\"container\" id=\"seccion0\" data-settings=\"{&quot;background_background&quot;:&quot;classic&quot;}\">\n\t\t\t\t\t<div class=\"e-con-inner\">\n\t\t\t\t<div class=\"elementor-element elementor-element-147d772 elementor-widget elementor-widget-text-editor\" data-id=\"147d772\" data-element_type=\"widget\" data-e-type=\"widget\" data-widget_type=\"text-editor.default\">\n\t\t\t\t<div class=\"elementor-widget-container\">\n\t\t\t\t\t\t\t\t\t<h2>IMPULSAMOS UN FUTURO SOSTENIBLE<\/h2>\t\t\t\t\t\t\t\t<\/div>\n\t\t\t\t<\/div>\n\t\t\t\t<div class=\"elementor-element elementor-element-9b50826 elementor-widget elementor-widget-text-editor\" data-id=\"9b50826\" data-element_type=\"widget\" data-e-type=\"widget\" data-widget_type=\"text-editor.default\">\n\t\t\t\t<div class=\"elementor-widget-container\">\n\t\t\t\t\t\t\t\t\t<p data-path-to-node=\"5\">Adem\u00e1s, participamos en <b class=\"\" data-path-to-node=\"4\" data-index-in-node=\"60\">ACEPAR<\/b>, la iniciativa impulsada desde el Pol\u00edgono Agro-Reus para la<br>creaci\u00f3n de una cooperativa de energ\u00eda solar, desarrollada junto a otras empresas del entorno.<br>Este proyecto permite generar energ\u00eda limpia que beneficia tanto al pol\u00edgono como a la ciudad,<br>reforzando un modelo energ\u00e9tico m\u00e1s responsable y colaborativo.<\/p>\t\t\t\t\t\t\t\t<\/div>\n\t\t\t\t<\/div>\n\t\t\t\t<div class=\"elementor-element elementor-element-f919a68 elementor-widget elementor-widget-image\" data-id=\"f919a68\" data-element_type=\"widget\" data-e-type=\"widget\" data-widget_type=\"image.default\">\n\t\t\t\t<div class=\"elementor-widget-container\">\n\t\t\t\t\t\t\t\t\t\t\t\t\t\t\t<img decoding=\"async\" width=\"1397\" height=\"702\" src=\"https:\/\/ascensoresomega.com\/wp-content\/uploads\/2026\/02\/img-tot-1.jpg\" class=\"attachment-full size-full wp-image-3698\" alt=\"\" srcset=\"https:\/\/ascensoresomega.com\/wp-content\/uploads\/2026\/02\/img-tot-1.jpg 1397w, https:\/\/ascensoresomega.com\/wp-content\/uploads\/2026\/02\/img-tot-1-300x151.jpg 300w, https:\/\/ascensoresomega.com\/wp-content\/uploads\/2026\/02\/img-tot-1-1024x515.jpg 1024w, https:\/\/ascensoresomega.com\/wp-content\/uploads\/2026\/02\/img-tot-1-768x386.jpg 768w\" sizes=\"(max-width: 1397px) 100vw, 1397px\" \/>\t\t\t\t\t\t\t\t\t\t\t\t\t\t\t<\/div>\n\t\t\t\t<\/div>\n\t\t\t\t\t<\/div>\n\t\t\t\t<\/div>\n\t\t<div class=\"elementor-element elementor-element-a402d4d e-flex e-con-boxed e-con e-parent\" data-id=\"a402d4d\" data-element_type=\"container\" data-e-type=\"container\">\n\t\t\t\t\t<div class=\"e-con-inner\">\n\t\t\t\t<div class=\"elementor-element elementor-element-b172c85 elementor-widget elementor-widget-image\" data-id=\"b172c85\" data-element_type=\"widget\" data-e-type=\"widget\" data-widget_type=\"image.default\">\n\t\t\t\t<div class=\"elementor-widget-container\">\n\t\t\t\t\t\t\t\t\t\t\t\t\t\t\t<img loading=\"lazy\" decoding=\"async\" width=\"1200\" height=\"1200\" src=\"https:\/\/ascensoresomega.com\/wp-content\/uploads\/2026\/02\/11.jpg\" class=\"attachment-full size-full wp-image-3622\" alt=\"ACEPAR Reus\" srcset=\"https:\/\/ascensoresomega.com\/wp-content\/uploads\/2026\/02\/11.jpg 1200w, https:\/\/ascensoresomega.com\/wp-content\/uploads\/2026\/02\/11-300x300.jpg 300w, https:\/\/ascensoresomega.com\/wp-content\/uploads\/2026\/02\/11-1024x1024.jpg 1024w, https:\/\/ascensoresomega.com\/wp-content\/uploads\/2026\/02\/11-150x150.jpg 150w, https:\/\/ascensoresomega.com\/wp-content\/uploads\/2026\/02\/11-768x768.jpg 768w\" sizes=\"(max-width: 1200px) 100vw, 1200px\" \/>\t\t\t\t\t\t\t\t\t\t\t\t\t\t\t<\/div>\n\t\t\t\t<\/div>\n\t\t\t\t<div class=\"elementor-element elementor-element-ba4052a elementor-widget elementor-widget-image\" data-id=\"ba4052a\" data-element_type=\"widget\" data-e-type=\"widget\" data-widget_type=\"image.default\">\n\t\t\t\t<div class=\"elementor-widget-container\">\n\t\t\t\t\t\t\t\t\t\t\t\t\t\t\t<img loading=\"lazy\" decoding=\"async\" width=\"8510\" height=\"5674\" src=\"https:\/\/ascensoresomega.com\/wp-content\/uploads\/2026\/02\/lk.jpg\" class=\"attachment-full size-full wp-image-3623\" alt=\"Sostenibilidad\" srcset=\"https:\/\/ascensoresomega.com\/wp-content\/uploads\/2026\/02\/lk.jpg 8510w, https:\/\/ascensoresomega.com\/wp-content\/uploads\/2026\/02\/lk-300x200.jpg 300w, https:\/\/ascensoresomega.com\/wp-content\/uploads\/2026\/02\/lk-1024x683.jpg 1024w, https:\/\/ascensoresomega.com\/wp-content\/uploads\/2026\/02\/lk-768x512.jpg 768w\" sizes=\"(max-width: 8510px) 100vw, 8510px\" \/>\t\t\t\t\t\t\t\t\t\t\t\t\t\t\t<\/div>\n\t\t\t\t<\/div>\n\t\t\t\t<div class=\"elementor-element elementor-element-f1fc635 elementor-widget elementor-widget-image\" data-id=\"f1fc635\" data-element_type=\"widget\" data-e-type=\"widget\" data-widget_type=\"image.default\">\n\t\t\t\t<div class=\"elementor-widget-container\">\n\t\t\t\t\t\t\t\t\t\t\t\t\t\t\t<img loading=\"lazy\" decoding=\"async\" width=\"923\" height=\"1385\" src=\"https:\/\/ascensoresomega.com\/wp-content\/uploads\/2026\/02\/img-bicis.jpg\" class=\"attachment-full size-full wp-image-3687\" alt=\"\" srcset=\"https:\/\/ascensoresomega.com\/wp-content\/uploads\/2026\/02\/img-bicis.jpg 923w, https:\/\/ascensoresomega.com\/wp-content\/uploads\/2026\/02\/img-bicis-200x300.jpg 200w, https:\/\/ascensoresomega.com\/wp-content\/uploads\/2026\/02\/img-bicis-682x1024.jpg 682w, https:\/\/ascensoresomega.com\/wp-content\/uploads\/2026\/02\/img-bicis-768x1152.jpg 768w\" sizes=\"(max-width: 923px) 100vw, 923px\" \/>\t\t\t\t\t\t\t\t\t\t\t\t\t\t\t<\/div>\n\t\t\t\t<\/div>\n\t\t\t\t\t<\/div>\n\t\t\t\t<\/div>\n\t\t\t\t<\/div>\n\t\t","protected":false},"excerpt":{"rendered":"<p>ASCENSORES OMEGA SOSTENIBILIDAD Y ENERG\u00cdA LIMPIA ASCENSORES IMPULSAMOS UN FUTURO SOSTENIBLE.MOVILIDAD EL\u00c9CTRICA Y ENERG\u00cdA LIMPIA PARA NUESTRA COMUNIDAD. En Ascensores Omega la sostenibilidad forma parte de nuestra estrategia y de nuestra manerade entender el crecimiento empresarial. Hemos iniciado un proceso progresivo de renovaci\u00f3nde nuestra flota, incorporando veh\u00edculos el\u00e9ctricos e h\u00edbridos que reducen las emisiones,optimizan el &#8230; <a title=\"Sostenibilidad\" class=\"read-more\" href=\"https:\/\/ascensoresomega.com\/es\/sostenibilidad\/\" aria-label=\"Leer m\u00e1s sobre Sostenibilidad\">Leer m\u00e1s<\/a><\/p>\n","protected":false},"author":1,"featured_media":0,"parent":0,"menu_order":0,"comment_status":"closed","ping_status":"closed","template":"elementor_header_footer","meta":{"footnotes":""},"class_list":["post-3617","page","type-page","status-publish"],"_links":{"self":[{"href":"https:\/\/ascensoresomega.com\/es\/wp-json\/wp\/v2\/pages\/3617","targetHints":{"allow":["GET"]}}],"collection":[{"href":"https:\/\/ascensoresomega.com\/es\/wp-json\/wp\/v2\/pages"}],"about":[{"href":"https:\/\/ascensoresomega.com\/es\/wp-json\/wp\/v2\/types\/page"}],"author":[{"embeddable":true,"href":"https:\/\/ascensoresomega.com\/es\/wp-json\/wp\/v2\/users\/1"}],"replies":[{"embeddable":true,"href":"https:\/\/ascensoresomega.com\/es\/wp-json\/wp\/v2\/comments?post=3617"}],"version-history":[{"count":7,"href":"https:\/\/ascensoresomega.com\/es\/wp-json\/wp\/v2\/pages\/3617\/revisions"}],"predecessor-version":[{"id":3711,"href":"https:\/\/ascensoresomega.com\/es\/wp-json\/wp\/v2\/pages\/3617\/revisions\/3711"}],"wp:attachment":[{"href":"https:\/\/ascensoresomega.com\/es\/wp-json\/wp\/v2\/media?parent=3617"}],"curies":[{"name":"wp","href":"https:\/\/api.w.org\/{rel}","templated":true}]}}