{"id":468,"date":"2021-12-13T13:02:46","date_gmt":"2021-12-13T13:02:46","guid":{"rendered":"http:\/\/ascensoresomega.com\/?page_id=468"},"modified":"2022-01-11T15:33:15","modified_gmt":"2022-01-11T15:33:15","slug":"ascensores","status":"publish","type":"page","link":"https:\/\/ascensoresomega.com\/es\/ascensores\/","title":{"rendered":"Ascensores"},"content":{"rendered":"\t\t<div data-elementor-type=\"wp-page\" data-elementor-id=\"468\" class=\"elementor elementor-468\" data-elementor-post-type=\"page\">\n\t\t\t\t\t\t<section class=\"elementor-section elementor-top-section elementor-element elementor-element-7f8e365 elementor-section-height-min-height elementor-section-boxed elementor-section-height-default elementor-section-items-middle\" data-id=\"7f8e365\" data-element_type=\"section\" data-e-type=\"section\" id=\"cabecera\" data-settings=\"{&quot;background_background&quot;:&quot;classic&quot;}\">\n\t\t\t\t\t\t<div class=\"elementor-container elementor-column-gap-default\">\n\t\t\t\t\t<div class=\"elementor-column elementor-col-100 elementor-top-column elementor-element elementor-element-44e3c95\" data-id=\"44e3c95\" data-element_type=\"column\" data-e-type=\"column\">\n\t\t\t<div class=\"elementor-widget-wrap elementor-element-populated\">\n\t\t\t\t\t\t<div class=\"elementor-element elementor-element-db87362 elementor-widget elementor-widget-text-editor\" data-id=\"db87362\" data-element_type=\"widget\" data-e-type=\"widget\" data-widget_type=\"text-editor.default\">\n\t\t\t\t<div class=\"elementor-widget-container\">\n\t\t\t\t\t\t\t\t\t<span>CAT\u00c1LOGOS<\/span>\n<h1>ASCENSORES<\/h1>\t\t\t\t\t\t\t\t<\/div>\n\t\t\t\t<\/div>\n\t\t\t\t\t<\/div>\n\t\t<\/div>\n\t\t\t\t\t<\/div>\n\t\t<\/section>\n\t\t\t\t<section class=\"elementor-section elementor-top-section elementor-element elementor-element-dc79f50 elementor-section-boxed elementor-section-height-default elementor-section-height-default\" data-id=\"dc79f50\" data-element_type=\"section\" data-e-type=\"section\" id=\"seccion0\">\n\t\t\t\t\t\t<div class=\"elementor-container elementor-column-gap-default\">\n\t\t\t\t\t<div class=\"elementor-column elementor-col-100 elementor-top-column elementor-element elementor-element-4c7a8f8\" data-id=\"4c7a8f8\" data-element_type=\"column\" data-e-type=\"column\">\n\t\t\t<div class=\"elementor-widget-wrap elementor-element-populated\">\n\t\t\t\t\t\t<section class=\"elementor-section elementor-inner-section elementor-element elementor-element-457cffa elementor-section-boxed elementor-section-height-default elementor-section-height-default\" data-id=\"457cffa\" data-element_type=\"section\" data-e-type=\"section\">\n\t\t\t\t\t\t<div class=\"elementor-container elementor-column-gap-default\">\n\t\t\t\t\t<div class=\"elementor-column elementor-col-100 elementor-inner-column elementor-element elementor-element-690fa04\" data-id=\"690fa04\" data-element_type=\"column\" data-e-type=\"column\">\n\t\t\t<div class=\"elementor-widget-wrap elementor-element-populated\">\n\t\t\t\t\t\t<div class=\"elementor-element elementor-element-f7f098a elementor-widget elementor-widget-text-editor\" data-id=\"f7f098a\" data-element_type=\"widget\" data-e-type=\"widget\" data-widget_type=\"text-editor.default\">\n\t\t\t\t<div class=\"elementor-widget-container\">\n\t\t\t\t\t\t\t\t\t<span class=\"gray subtitle\">ASCENSORES<\/span>\n<h2><span class=\"orange\">ASCENSORES OMEGA<\/span> PONE A SU DISPOSICI\u00d3N UNA VARIADA GAMA DE SOLUCIONES PROVISTAS DE LOS AVANCES<\/h2>\t\t\t\t\t\t\t\t<\/div>\n\t\t\t\t<\/div>\n\t\t\t\t\t<\/div>\n\t\t<\/div>\n\t\t\t\t\t<\/div>\n\t\t<\/section>\n\t\t\t\t<div class=\"elementor-element elementor-element-d013b4b elementor-widget elementor-widget-spacer\" data-id=\"d013b4b\" data-element_type=\"widget\" data-e-type=\"widget\" data-widget_type=\"spacer.default\">\n\t\t\t\t<div class=\"elementor-widget-container\">\n\t\t\t\t\t\t\t<div class=\"elementor-spacer\">\n\t\t\t<div class=\"elementor-spacer-inner\"><\/div>\n\t\t<\/div>\n\t\t\t\t\t\t<\/div>\n\t\t\t\t<\/div>\n\t\t\t\t<div class=\"elementor-element elementor-element-98af24b elementor-widget elementor-widget-text-editor\" data-id=\"98af24b\" data-element_type=\"widget\" data-e-type=\"widget\" data-widget_type=\"text-editor.default\">\n\t\t\t\t<div class=\"elementor-widget-container\">\n\t\t\t\t\t\t\t\t\t<p>tecnol\u00f3gicos m\u00e1s innovadores del mercado. De esta manera, estamos seguros que conseguimos el mejor servicio para el cliente.<\/p><p>Nuestros productos est\u00e1n orientados a conseguir la m\u00e1xima eficiencia energ\u00e9tica, con la finalidad de integrar siempre los \u00faltimos requisitos t\u00e9cnicos exigibles basadonos siempre en el cumplimiento de la normativa actual de equipos de elevaci\u00f3n.<\/p><p>Le ofrecemos una alta gama de materiales y acabados personalizadoss en funci\u00f3n del ambiente que se desee obtener: puertas y cabinas panor\u00e1micas, materiales antivand\u00e1licos, aceros inoxidables especiales en colores y terminaciones, materiales resistentes a la intemperie, etc. Una acertada elecci\u00f3n del ascensor depender\u00e1 de diferentes factores como el uso del ascensor, el nivel de tr\u00e1fico de pasajeros, las dimensiones de la cabina, el recorrido m\u00e1ximo, el consumo energ\u00e9tico, la posibilidad de disponer de una sala de m\u00e1quinas, la disposici\u00f3n de los embarques, etc.<\/p><p>En las rehabilitaciones, a dem\u00e1s, pueden existir limitaciones en los edificios para conseguir los espacios exigibles por la Normativa de Ascensores. Esto har\u00eda necesaria la aplicaci\u00f3n de unos requisitos t\u00e9cnicos espec\u00edficos para fosas y escapatorias reducidas, que pueden condicionar el modelo de ascensor.<\/p>\t\t\t\t\t\t\t\t<\/div>\n\t\t\t\t<\/div>\n\t\t\t\t<div class=\"elementor-element elementor-element-6419b6d elementor-widget elementor-widget-spacer\" data-id=\"6419b6d\" data-element_type=\"widget\" data-e-type=\"widget\" data-widget_type=\"spacer.default\">\n\t\t\t\t<div class=\"elementor-widget-container\">\n\t\t\t\t\t\t\t<div class=\"elementor-spacer\">\n\t\t\t<div class=\"elementor-spacer-inner\"><\/div>\n\t\t<\/div>\n\t\t\t\t\t\t<\/div>\n\t\t\t\t<\/div>\n\t\t\t\t\t<\/div>\n\t\t<\/div>\n\t\t\t\t\t<\/div>\n\t\t<\/section>\n\t\t\t\t<section class=\"elementor-section elementor-top-section elementor-element elementor-element-a0022d2 pb120 elementor-section-boxed elementor-section-height-default elementor-section-height-default\" data-id=\"a0022d2\" data-element_type=\"section\" data-e-type=\"section\" id=\"ascensores1\">\n\t\t\t\t\t\t<div class=\"elementor-container elementor-column-gap-default\">\n\t\t\t\t\t<div class=\"elementor-column elementor-col-100 elementor-top-column elementor-element elementor-element-2799849\" data-id=\"2799849\" data-element_type=\"column\" data-e-type=\"column\">\n\t\t\t<div class=\"elementor-widget-wrap elementor-element-populated\">\n\t\t\t\t\t\t<div class=\"elementor-element elementor-element-d2bb3aa elementor-widget elementor-widget-text-editor\" data-id=\"d2bb3aa\" data-element_type=\"widget\" data-e-type=\"widget\" data-widget_type=\"text-editor.default\">\n\t\t\t\t<div class=\"elementor-widget-container\">\n\t\t\t\t\t\t\t\t\t<h2>DOCUMENTACI\u00d3N ASCENSORES<\/h2>\t\t\t\t\t\t\t\t<\/div>\n\t\t\t\t<\/div>\n\t\t\t\t<div class=\"elementor-element elementor-element-cbe7623 elementor-widget elementor-widget-spacer\" data-id=\"cbe7623\" data-element_type=\"widget\" data-e-type=\"widget\" data-widget_type=\"spacer.default\">\n\t\t\t\t<div class=\"elementor-widget-container\">\n\t\t\t\t\t\t\t<div class=\"elementor-spacer\">\n\t\t\t<div class=\"elementor-spacer-inner\"><\/div>\n\t\t<\/div>\n\t\t\t\t\t\t<\/div>\n\t\t\t\t<\/div>\n\t\t\t\t<section class=\"elementor-section elementor-inner-section elementor-element elementor-element-6391f3f elementor-section-boxed elementor-section-height-default elementor-section-height-default\" data-id=\"6391f3f\" data-element_type=\"section\" data-e-type=\"section\" id=\"pdficon\">\n\t\t\t\t\t\t<div class=\"elementor-container elementor-column-gap-default\">\n\t\t\t\t\t<div class=\"elementor-column elementor-col-25 elementor-inner-column elementor-element elementor-element-afaf18c\" data-id=\"afaf18c\" data-element_type=\"column\" data-e-type=\"column\">\n\t\t\t<div class=\"elementor-widget-wrap elementor-element-populated\">\n\t\t\t\t\t\t<div class=\"elementor-element elementor-element-fa5f5f8 elementor-widget elementor-widget-image\" data-id=\"fa5f5f8\" data-element_type=\"widget\" data-e-type=\"widget\" data-widget_type=\"image.default\">\n\t\t\t\t<div class=\"elementor-widget-container\">\n\t\t\t\t\t\t\t\t\t\t\t\t\t\t\t\t<a href=\"https:\/\/ascensoresomega.com\/wp-content\/uploads\/2021\/12\/hidraulico.pdf\" target=\"_blank\">\n\t\t\t\t\t\t\t<img decoding=\"async\" width=\"192\" height=\"219\" src=\"https:\/\/ascensoresomega.com\/wp-content\/uploads\/2021\/12\/icon-pdf.svg\" class=\"attachment-full size-full wp-image-504\" alt=\"icon-pdf\" \/>\t\t\t\t\t\t\t\t<\/a>\n\t\t\t\t\t\t\t\t\t\t\t\t\t\t\t<\/div>\n\t\t\t\t<\/div>\n\t\t\t\t<div class=\"elementor-element elementor-element-217a4ed elementor-widget elementor-widget-text-editor\" data-id=\"217a4ed\" data-element_type=\"widget\" data-e-type=\"widget\" data-widget_type=\"text-editor.default\">\n\t\t\t\t<div class=\"elementor-widget-container\">\n\t\t\t\t\t\t\t\t\t<h3>Ascensor Hidr\u00e1ulico<\/h3>\t\t\t\t\t\t\t\t<\/div>\n\t\t\t\t<\/div>\n\t\t\t\t\t<\/div>\n\t\t<\/div>\n\t\t\t\t<div class=\"elementor-column elementor-col-25 elementor-inner-column elementor-element elementor-element-714531a\" data-id=\"714531a\" data-element_type=\"column\" data-e-type=\"column\">\n\t\t\t<div class=\"elementor-widget-wrap elementor-element-populated\">\n\t\t\t\t\t\t<div class=\"elementor-element elementor-element-7675d92 elementor-widget elementor-widget-image\" data-id=\"7675d92\" data-element_type=\"widget\" data-e-type=\"widget\" data-widget_type=\"image.default\">\n\t\t\t\t<div class=\"elementor-widget-container\">\n\t\t\t\t\t\t\t\t\t\t\t\t\t\t\t\t<a href=\"https:\/\/ascensoresomega.com\/wp-content\/uploads\/2021\/12\/optimus.pdf\" target=\"_blank\">\n\t\t\t\t\t\t\t<img decoding=\"async\" width=\"192\" height=\"219\" src=\"https:\/\/ascensoresomega.com\/wp-content\/uploads\/2021\/12\/icon-pdf.svg\" class=\"attachment-full size-full wp-image-504\" alt=\"icon-pdf\" \/>\t\t\t\t\t\t\t\t<\/a>\n\t\t\t\t\t\t\t\t\t\t\t\t\t\t\t<\/div>\n\t\t\t\t<\/div>\n\t\t\t\t<div class=\"elementor-element elementor-element-bc4a489 elementor-widget elementor-widget-text-editor\" data-id=\"bc4a489\" data-element_type=\"widget\" data-e-type=\"widget\" data-widget_type=\"text-editor.default\">\n\t\t\t\t<div class=\"elementor-widget-container\">\n\t\t\t\t\t\t\t\t\t<h3>Ascensor Optimus<\/h3>\t\t\t\t\t\t\t\t<\/div>\n\t\t\t\t<\/div>\n\t\t\t\t\t<\/div>\n\t\t<\/div>\n\t\t\t\t<div class=\"elementor-column elementor-col-25 elementor-inner-column elementor-element elementor-element-8cd03fa\" data-id=\"8cd03fa\" data-element_type=\"column\" data-e-type=\"column\">\n\t\t\t<div class=\"elementor-widget-wrap elementor-element-populated\">\n\t\t\t\t\t\t<div class=\"elementor-element elementor-element-1601f0a elementor-widget elementor-widget-image\" data-id=\"1601f0a\" data-element_type=\"widget\" data-e-type=\"widget\" data-widget_type=\"image.default\">\n\t\t\t\t<div class=\"elementor-widget-container\">\n\t\t\t\t\t\t\t\t\t\t\t\t\t\t\t\t<a href=\"https:\/\/ascensoresomega.com\/wp-content\/uploads\/2021\/12\/panoramico.pdf\" target=\"_blank\">\n\t\t\t\t\t\t\t<img decoding=\"async\" width=\"192\" height=\"219\" src=\"https:\/\/ascensoresomega.com\/wp-content\/uploads\/2021\/12\/icon-pdf.svg\" class=\"attachment-full size-full wp-image-504\" alt=\"icon-pdf\" \/>\t\t\t\t\t\t\t\t<\/a>\n\t\t\t\t\t\t\t\t\t\t\t\t\t\t\t<\/div>\n\t\t\t\t<\/div>\n\t\t\t\t<div class=\"elementor-element elementor-element-42897cb elementor-widget elementor-widget-text-editor\" data-id=\"42897cb\" data-element_type=\"widget\" data-e-type=\"widget\" data-widget_type=\"text-editor.default\">\n\t\t\t\t<div class=\"elementor-widget-container\">\n\t\t\t\t\t\t\t\t\t<h3>Ascensor Panor\u00e1mico<\/h3>\t\t\t\t\t\t\t\t<\/div>\n\t\t\t\t<\/div>\n\t\t\t\t\t<\/div>\n\t\t<\/div>\n\t\t\t\t<div class=\"elementor-column elementor-col-25 elementor-inner-column elementor-element elementor-element-a1006dd\" data-id=\"a1006dd\" data-element_type=\"column\" data-e-type=\"column\">\n\t\t\t<div class=\"elementor-widget-wrap elementor-element-populated\">\n\t\t\t\t\t\t<div class=\"elementor-element elementor-element-de846af elementor-widget elementor-widget-image\" data-id=\"de846af\" data-element_type=\"widget\" data-e-type=\"widget\" data-widget_type=\"image.default\">\n\t\t\t\t<div class=\"elementor-widget-container\">\n\t\t\t\t\t\t\t\t\t\t\t\t\t\t\t\t<a href=\"https:\/\/ascensoresomega.com\/wp-content\/uploads\/2021\/12\/symbio.pdf\" target=\"_blank\">\n\t\t\t\t\t\t\t<img decoding=\"async\" width=\"192\" height=\"219\" src=\"https:\/\/ascensoresomega.com\/wp-content\/uploads\/2021\/12\/icon-pdf.svg\" class=\"attachment-full size-full wp-image-504\" alt=\"icon-pdf\" \/>\t\t\t\t\t\t\t\t<\/a>\n\t\t\t\t\t\t\t\t\t\t\t\t\t\t\t<\/div>\n\t\t\t\t<\/div>\n\t\t\t\t<div class=\"elementor-element elementor-element-1ee9abc elementor-widget elementor-widget-text-editor\" data-id=\"1ee9abc\" data-element_type=\"widget\" data-e-type=\"widget\" data-widget_type=\"text-editor.default\">\n\t\t\t\t<div class=\"elementor-widget-container\">\n\t\t\t\t\t\t\t\t\t<h3>Ascensor Symbio<\/h3>\t\t\t\t\t\t\t\t<\/div>\n\t\t\t\t<\/div>\n\t\t\t\t\t<\/div>\n\t\t<\/div>\n\t\t\t\t\t<\/div>\n\t\t<\/section>\n\t\t\t\t\t<\/div>\n\t\t<\/div>\n\t\t\t\t\t<\/div>\n\t\t<\/section>\n\t\t\t\t<\/div>\n\t\t","protected":false},"excerpt":{"rendered":"<p>CAT\u00c1LOGOS ASCENSORES ASCENSORES ASCENSORES OMEGA PONE A SU DISPOSICI\u00d3N UNA VARIADA GAMA DE SOLUCIONES PROVISTAS DE LOS AVANCES tecnol\u00f3gicos m\u00e1s innovadores del mercado. De esta manera, estamos seguros que conseguimos el mejor servicio para el cliente. Nuestros productos est\u00e1n orientados a conseguir la m\u00e1xima eficiencia energ\u00e9tica, con la finalidad de integrar siempre los \u00faltimos requisitos &#8230; <a title=\"Ascensores\" class=\"read-more\" href=\"https:\/\/ascensoresomega.com\/es\/ascensores\/\" aria-label=\"Leer m\u00e1s sobre Ascensores\">Leer m\u00e1s<\/a><\/p>\n","protected":false},"author":1,"featured_media":0,"parent":0,"menu_order":0,"comment_status":"closed","ping_status":"closed","template":"","meta":{"footnotes":""},"class_list":["post-468","page","type-page","status-publish"],"_links":{"self":[{"href":"https:\/\/ascensoresomega.com\/es\/wp-json\/wp\/v2\/pages\/468","targetHints":{"allow":["GET"]}}],"collection":[{"href":"https:\/\/ascensoresomega.com\/es\/wp-json\/wp\/v2\/pages"}],"about":[{"href":"https:\/\/ascensoresomega.com\/es\/wp-json\/wp\/v2\/types\/page"}],"author":[{"embeddable":true,"href":"https:\/\/ascensoresomega.com\/es\/wp-json\/wp\/v2\/users\/1"}],"replies":[{"embeddable":true,"href":"https:\/\/ascensoresomega.com\/es\/wp-json\/wp\/v2\/comments?post=468"}],"version-history":[{"count":0,"href":"https:\/\/ascensoresomega.com\/es\/wp-json\/wp\/v2\/pages\/468\/revisions"}],"wp:attachment":[{"href":"https:\/\/ascensoresomega.com\/es\/wp-json\/wp\/v2\/media?parent=468"}],"curies":[{"name":"wp","href":"https:\/\/api.w.org\/{rel}","templated":true}]}}